{"id":721,"date":"2025-11-16T14:31:01","date_gmt":"2025-11-16T13:31:01","guid":{"rendered":"https:\/\/projektbzura.pl\/?page_id=721"},"modified":"2026-02-11T22:37:15","modified_gmt":"2026-02-11T21:37:15","slug":"zasady-indeksacji-w-projekcie-bzura","status":"publish","type":"page","link":"https:\/\/projektbzura.pl\/index.php\/zasady-indeksacji-w-projekcie-bzura\/","title":{"rendered":"Zasady indeksacji w Projekcie Bzura"},"content":{"rendered":"\t\t<div data-elementor-type=\"wp-page\" data-elementor-id=\"721\" class=\"elementor elementor-721\">\n\t\t\t\t<div class=\"elementor-element elementor-element-780b0c9a e-flex e-con-boxed e-con e-parent\" data-id=\"780b0c9a\" data-element_type=\"container\">\n\t\t\t\t\t<div class=\"e-con-inner\">\n\t\t\t\t<div class=\"elementor-element elementor-element-6f1a320f elementor-widget elementor-widget-text-editor\" data-id=\"6f1a320f\" data-element_type=\"widget\" data-widget_type=\"text-editor.default\">\n\t\t\t\t\t\t\t\t\t\n<ol class=\"wp-block-list\">\n<li><span style=\"font-family: brygada1918-regular; font-size: 16px;\">Organizatorem indeksacji w Projekcie Bzura jest Stowarzyszenie \u201eNad Bzur\u0105\u201d.<\/span><\/li>\n\n<li><span style=\"font-family: brygada1918-regular; font-size: 16px;\">Stron\u0105 internetow\u0105 Projektu Bzura jest <a href=\"https:\/\/projektbzura.pl\">https:\/\/projektbzura.pl<\/a>.<\/span><\/li>\n\n<li><span style=\"font-family: brygada1918-regular; font-size: 16px;\">Obszar geograficzny Projektu to przedrozbiorowe wojew\u00f3dztwa rawskie i \u0142\u0119czyckie oraz parafie s\u0105siaduj\u0105ce z tym obszarem.<\/span><\/li>\n\n<li><span style=\"font-family: brygada1918-regular; font-size: 16px;\">Indeksacja odbywa si\u0119 przy pomocy <a href=\"https:\/\/projektbzura.pl\/wp-content\/uploads\/2025\/11\/Szablon-indeksacyjny.xls.xlsx\">szablonu<\/a> udost\u0119pnionego na stronie Projektu.<\/span><\/li>\n\n<li><span style=\"font-family: brygada1918-regular; font-size: 16px;\">Indeksacji podlegaj\u0105 ksi\u0119gi metrykalne urodzonych (ochrzczonych), za\u015blubionych (a w przypadku ich braku zapowiedzi) oraz zmar\u0142ych.<\/span><\/li>\n\n<li><span style=\"font-family: brygada1918-regular; font-size: 16px;\">Materia\u0142y archiwalne udost\u0119pniane s\u0105 Wolontariuszom do indeksacji po podpisaniu umowy wolontariackiej.<\/span><\/li>\n\n<li><span style=\"font-family: brygada1918-regular; font-size: 16px;\">W przypadku, gdy udost\u0119pniane materia\u0142y archiwalne nie s\u0105 publicznie dost\u0119pne (o czym Wolontariusze s\u0105 ka\u017cdorazowo informowani) Wolontariusze nie mog\u0105 ich udost\u0119pnia\u0107 innym osobom bez zgody Organizatora.<\/span><\/li>\n\n<li><span style=\"font-family: brygada1918-regular; font-size: 16px;\">Zindeksowane materia\u0142y (w postaci pe\u0142nych ksi\u0105g) Wolontariusz przesy\u0142a w formie wype\u0142nionego szablonu na adres: <a href=\"mailto:redakcja@projektbzura.pl\">redakcja@projektbzura.pl<\/a>.<\/span><\/li>\n\n<li><span style=\"font-family: brygada1918-regular; font-size: 16px;\">Nast\u0119pnie Organizator umieszcza indeks w Bazie Bzura <a href=\"https:\/\/metryki.projektbzura.pl\">https:\/\/metryki.projektbzura.pl<\/a> oraz publikuje informacj\u0119 o jego dodaniu na fanpage projektu na Facebooku.<\/span><\/li>\n\n<li><span style=\"font-family: brygada1918-regular; font-size: 16px;\">Wolontariusz zobowi\u0105zuje si\u0119 do nieprzekazywania indeks\u00f3w do innych baz genealogicznych bez zgody Organizatora.<\/span><\/li>\n<\/ol>\n\t\t\t\t\t\t\t\t<\/div>\n\t\t\t\t\t<\/div>\n\t\t\t\t<\/div>\n\t\t\t\t<\/div>\n\t\t","protected":false},"excerpt":{"rendered":"","protected":false},"author":1,"featured_media":0,"parent":0,"menu_order":0,"comment_status":"closed","ping_status":"closed","template":"","meta":{"footnotes":""},"class_list":["post-721","page","type-page","status-publish","hentry","post-preview"],"_links":{"self":[{"href":"https:\/\/projektbzura.pl\/index.php\/wp-json\/wp\/v2\/pages\/721","targetHints":{"allow":["GET"]}}],"collection":[{"href":"https:\/\/projektbzura.pl\/index.php\/wp-json\/wp\/v2\/pages"}],"about":[{"href":"https:\/\/projektbzura.pl\/index.php\/wp-json\/wp\/v2\/types\/page"}],"author":[{"embeddable":true,"href":"https:\/\/projektbzura.pl\/index.php\/wp-json\/wp\/v2\/users\/1"}],"replies":[{"embeddable":true,"href":"https:\/\/projektbzura.pl\/index.php\/wp-json\/wp\/v2\/comments?post=721"}],"version-history":[{"count":7,"href":"https:\/\/projektbzura.pl\/index.php\/wp-json\/wp\/v2\/pages\/721\/revisions"}],"predecessor-version":[{"id":749,"href":"https:\/\/projektbzura.pl\/index.php\/wp-json\/wp\/v2\/pages\/721\/revisions\/749"}],"wp:attachment":[{"href":"https:\/\/projektbzura.pl\/index.php\/wp-json\/wp\/v2\/media?parent=721"}],"curies":[{"name":"wp","href":"https:\/\/api.w.org\/{rel}","templated":true}]}}