{"id":342,"date":"2022-07-30T21:45:48","date_gmt":"2022-07-30T19:45:48","guid":{"rendered":"https:\/\/eliza-bzura.pl\/?page_id=342"},"modified":"2025-10-18T09:13:32","modified_gmt":"2025-10-18T07:13:32","slug":"regulamin-korzystania-z-serwisu","status":"publish","type":"page","link":"https:\/\/projektbzura.pl\/index.php\/regulamin-korzystania-z-serwisu\/","title":{"rendered":"Regulamin"},"content":{"rendered":"\t\t<div data-elementor-type=\"wp-page\" data-elementor-id=\"342\" class=\"elementor elementor-342\">\n\t\t\t\t<div class=\"elementor-element elementor-element-15d83aea e-flex e-con-boxed e-con e-parent\" data-id=\"15d83aea\" data-element_type=\"container\">\n\t\t\t\t\t<div class=\"e-con-inner\">\n\t\t\t\t<div class=\"elementor-element elementor-element-1b820bb6 elementor-widget elementor-widget-text-editor\" data-id=\"1b820bb6\" data-element_type=\"widget\" data-widget_type=\"text-editor.default\">\n\t\t\t\t\t\t\t\t\t\n<p><span style=\"font-family: brygada1918-regular;\"><strong>Regulamin korzystania z Serwisu<\/strong><\/span><\/p>\n<p><span style=\"font-family: brygada1918-regular;\"><\/span><\/p>\n<p class=\"has-small-font-size\"><span style=\"font-family: brygada1918-regular;\"><strong>\u00a7 1<\/strong><\/span><\/p>\n<p><span style=\"font-family: brygada1918-regular;\"><\/span><\/p>\n<p class=\"has-small-font-size\"><span style=\"font-family: brygada1918-regular;\">Dost\u0119p do Serwisu zwi\u0105zany jest z akceptacj\u0105 <a href=\"https:\/\/nadbzura.pl\/polityka-prywatnosci\/\">Polityki Prywatno\u015bci Stowarzyszenia \u201eNad Bzur\u0105\u201d<\/a> oraz z akceptacj\u0105 zapis\u00f3w niniejszego Regulaminu.<\/span><\/p>\n<p><span style=\"font-family: brygada1918-regular;\"><\/span><\/p>\n<p class=\"has-small-font-size\"><span style=\"font-family: brygada1918-regular;\"><strong>\u00a7 2<\/strong><\/span><\/p>\n<p><span style=\"font-family: brygada1918-regular;\"><\/span><\/p>\n<p class=\"has-small-font-size\"><span style=\"font-family: brygada1918-regular;\">Wydawc\u0105 Serwisu internetowego oraz producentem baz danych w rozumieniu Ustawy o ochronie baz danych jest <a href=\"https:\/\/nadbzura.pl\/kontakt\/\">Stowarzyszenie \u201eNad Bzur\u0105\u201d<\/a>.<\/span><\/p>\n<p><span style=\"font-family: brygada1918-regular;\"><\/span><\/p>\n<p class=\"has-small-font-size\"><span style=\"font-family: brygada1918-regular;\"><strong>\u00a7 3<\/strong><\/span><\/p>\n<p><span style=\"font-family: brygada1918-regular;\"><\/span><\/p>\n<p class=\"has-small-font-size\"><span style=\"font-family: brygada1918-regular;\">Szczeg\u00f3lnej ochronie podlega logotyp, format, struktura oraz baza danych PROJEKTU BZURA.<\/span><\/p>\n<p><span style=\"font-family: brygada1918-regular;\"><\/span><\/p>\n<p class=\"has-small-font-size\"><span style=\"font-family: brygada1918-regular;\"><strong>\u00a7 4<\/strong><\/span><\/p>\n<p><span style=\"font-family: brygada1918-regular;\"><\/span><\/p>\n<p class=\"has-small-font-size\"><span style=\"font-family: brygada1918-regular;\">Wszelkie prawa do serwisu zastrze\u017cone s\u0105 na rzecz Stowarzyszenia \u201eNad Bzur\u0105\u201d, prawa do jego element\u00f3w tekstowych, graficznych, zdj\u0119\u0107, aplikacji oraz do bazy danych s\u0105 zastrze\u017cone na rzecz Stowarzyszenia \u201eNad Bzur\u0105\u201d lub odpowiednio na rzecz podmiot\u00f3w, kt\u00f3rych materia\u0142y \u2013 na podstawie wsp\u00f3\u0142pracy ze Stowarzyszeniem \u201eNad Bzur\u0105\u201d \u2013 s\u0105 udost\u0119pniane na stronach Serwisu.<\/span><\/p>\n<p><span style=\"font-family: brygada1918-regular;\"><\/span><\/p>\n<p class=\"has-small-font-size\"><span style=\"font-family: brygada1918-regular;\">Zar\u00f3wno Serwis, jak i ka\u017cdy z jego element\u00f3w podlegaj\u0105 ochronie przewidzianej przez polskie oraz mi\u0119dzynarodowe prawo, w tym w szczeg\u00f3lno\u015bci przepisy Ustawy z dnia 4 lutego 1994 roku o prawie autorskim i prawach pokrewnych (Dz.U. nr 24, poz. 83 ze zmianami), Ustawy z dnia 27 lipca 2001 roku o ochronie baz danych (Dz.U. nr 128, poz. 1402) oraz Ustawy z dnia 16 kwietnia 1993 roku o zwalczaniu nieuczciwej konkurencji (Dz.U. nr 47 poz. 211).<\/span><\/p>\n<p><span style=\"font-family: brygada1918-regular;\"><\/span><\/p>\n<p class=\"has-small-font-size\"><span style=\"font-family: brygada1918-regular;\"><strong>\u00a7 5<\/strong><\/span><\/p>\n<p><span style=\"font-family: brygada1918-regular;\"><\/span><\/p>\n<p class=\"has-small-font-size\"><span style=\"font-family: brygada1918-regular;\">Korzystanie z materia\u0142\u00f3w tekstowych, graficznych, zdj\u0119\u0107, aplikacji i baz danych oraz innych element\u00f3w zawartych w Serwisie, nie oznacza nabycia przez u\u017cytkownika jakichkolwiek praw na dobrach niematerialnych do utwor\u00f3w oraz do baz danych zawartych w Serwisie.<\/span><\/p>\n<p><span style=\"font-family: brygada1918-regular;\"><\/span><\/p>\n<p class=\"has-small-font-size\"><span style=\"font-family: brygada1918-regular;\">Zabronione jest w szczeg\u00f3lno\u015bci:<\/span><\/p>\n<p><span style=\"font-family: brygada1918-regular;\"><\/span><\/p>\n<ul class=\"has-small-font-size wp-block-list\">\n<li><span style=\"font-family: brygada1918-regular;\">dokonywanie w celach komercyjnych: kopiowanie, modyfikowanie oraz transmitowanie elektronicznie lub w innym spos\u00f3b Serwisu lub jego cz\u0119\u015bci<\/span><\/li>\n<li><span style=\"font-family: brygada1918-regular;\">pobieranie zawarto\u015bci baz danych i wt\u00f3rne ich wykorzystywanie w ca\u0142o\u015bci lub w istotnej co do jako\u015bci lub ilo\u015bci cz\u0119\u015bci<\/span><\/li>\n<\/ul>\n<p><span style=\"font-family: brygada1918-regular;\"><\/span><\/p>\n<p class=\"has-small-font-size\"><span style=\"font-family: brygada1918-regular;\"><strong>W celu ochrony baz danych przed kopiowaniem cz\u0119\u015b\u0107 rekord\u00f3w baz jest losowo znakowana.<\/strong><\/span><\/p>\n<p><span style=\"font-family: brygada1918-regular;\"><\/span><\/p>\n<p class=\"has-small-font-size\"><span style=\"font-family: brygada1918-regular;\"><strong>\u00a7 6<\/strong><\/span><\/p>\n<p><span style=\"font-family: brygada1918-regular;\"><\/span><\/p>\n<p class=\"has-small-font-size\"><span style=\"font-family: brygada1918-regular;\">U\u017cytkownicy mog\u0105 korzysta\u0107 z Serwisu oraz z utwor\u00f3w i baz danych wy\u0142\u0105cznie w ramach dozwolonego u\u017cytku wyznaczonego przez przepisy Ustawy o prawie autorskim i prawach pokrewnych oraz Ustawy o ochronie baz danych, przy czym takie korzystanie nie mo\u017ce narusza\u0107 normalnego korzystania z utworu lub bazy.<\/span><\/p>\n<p><span style=\"font-family: brygada1918-regular;\"><\/span><\/p>\n<p class=\"has-small-font-size\"><span style=\"font-family: brygada1918-regular;\"><strong>\u00a7 7<\/strong><\/span><\/p>\n<p><span style=\"font-family: brygada1918-regular;\"><\/span><\/p>\n<p class=\"has-small-font-size\"><span style=\"font-family: brygada1918-regular;\">Jakiekolwiek inne ni\u017c okre\u015blone w \u00a7 6 korzystanie z utwor\u00f3w i baz danych udost\u0119pnianych na stronach Serwisu, bez uprzedniej wyra\u017anej pisemnej zgody Stowarzyszenia \u201eNad Bzur\u0105\u201d, jest zabronione, a naruszenie praw Stowarzyszenia \u201eNad Bzur\u0105\u201d (lub podmiot\u00f3w, kt\u00f3rych utwory lub bazy danych \u2013 na podstawie wsp\u00f3\u0142pracy ze Stowarzyszeniem \u201eNad Bzur\u0105\u201d s\u0105 udost\u0119pniane na stronach Serwisu) do podlegaj\u0105cych ochronie utwor\u00f3w i baz danych b\u0119dzie skutkowa\u0107 odpowiedzialno\u015bci\u0105 przewidzian\u0105 przez prawo cywilne i karne.<\/span><\/p>\n<p><span style=\"font-family: brygada1918-regular;\"><\/span><\/p>\n<p class=\"has-small-font-size\"><span style=\"font-family: brygada1918-regular;\"><strong>\u00a7 8<\/strong><\/span><\/p>\n<p><span style=\"font-family: brygada1918-regular;\"><\/span><\/p>\n<p class=\"has-small-font-size\"><span style=\"font-family: brygada1918-regular;\">Dane i informacje udost\u0119pniane na stronach Serwisu s\u0142u\u017c\u0105 wy\u0142\u0105cznie celom informacyjnym i zosta\u0142y oparte na \u017ar\u00f3d\u0142ach, kt\u00f3re Stowarzyszenie \u201eNad Bzur\u0105\u201d uznaje za rzetelne i sprawdzone. Z uwagi na mo\u017cliwo\u015b\u0107 wyst\u0119powania b\u0142\u0119d\u00f3w czy pomini\u0119\u0107 spowodowanych okoliczno\u015bciami le\u017c\u0105cymi poza kontrol\u0105 Stowarzyszenia \u201eNad Bzur\u0105\u201d, Stowarzyszenie \u201eNad Bzur\u0105\u201d nie ponosi odpowiedzialno\u015bci za aktualno\u015b\u0107, dok\u0142adno\u015b\u0107, kompletno\u015b\u0107 udost\u0119pnianych w Serwisie informacji, jak r\u00f3wnie\u017c za ich przydatno\u015b\u0107 dla okre\u015blonych dzia\u0142a\u0144 u\u017cytkownik\u00f3w Serwisu.<\/span><\/p>\n<p><span style=\"font-family: brygada1918-regular;\"><\/span><\/p>\n<p class=\"has-small-font-size\"><span style=\"font-family: brygada1918-regular;\">Ryzyko zwi\u0105zane z u\u017cytkowaniem i wykorzystaniem informacji udost\u0119pnianych na stronach Serwisu ponosi u\u017cytkownik. Stowarzyszenie \u201eNad Bzur\u0105\u201d nie ponosi \u017cadnej odpowiedzialno\u015bci wobec u\u017cytkownik\u00f3w Serwisu lub os\u00f3b trzecich z tytu\u0142u ewentualnych szk\u00f3d, zar\u00f3wno bezpo\u015brednich, jak i po\u015brednich, zwi\u0105zanych z wykorzystaniem informacji udost\u0119pnianych na stronach Serwisu.<\/span><\/p>\n<p><span style=\"font-family: brygada1918-regular;\"><\/span><\/p>\n<p class=\"has-small-font-size\"><span style=\"font-family: brygada1918-regular;\">Powy\u017cszy Regulamin zosta\u0142 opublikowany oraz udost\u0119pniony w Serwisie\u00a0<strong>projektbzura.pl <\/strong>w postaci umo\u017cliwiaj\u0105cej jego utrwalenie i zapisanie na dysku twardym komputera lub innym no\u015bniku danych w dniu 30 lipca 2022 roku.<\/span><\/p>\n<p><span style=\"font-family: brygada1918-regular;\"><\/span><\/p>\n<p class=\"has-small-font-size\"><span style=\"font-family: brygada1918-regular;\">Regulamin wchodzi w \u017cycie z dniem jego opublikowania w Serwisie.<\/span><\/p>\n\t\t\t\t\t\t\t\t<\/div>\n\t\t\t\t\t<\/div>\n\t\t\t\t<\/div>\n\t\t\t\t<\/div>\n\t\t","protected":false},"excerpt":{"rendered":"<p>Regulamin korzystania z Serwisu \u00a7 1 Dost\u0119p do Serwisu zwi\u0105zany jest z akceptacj\u0105 Polityki Prywatno\u015bci Stowarzyszenia \u201eNad Bzur\u0105\u201d oraz z akceptacj\u0105 zapis\u00f3w niniejszego Regulaminu. \u00a7 2 Wydawc\u0105 Serwisu internetowego oraz producentem baz danych w rozumieniu Ustawy o ochronie baz danych jest Stowarzyszenie \u201eNad Bzur\u0105\u201d. \u00a7 3 Szczeg\u00f3lnej ochronie podlega logotyp, format, struktura oraz baza danych [&hellip;]<\/p>\n","protected":false},"author":1,"featured_media":0,"parent":0,"menu_order":0,"comment_status":"closed","ping_status":"closed","template":"","meta":{"footnotes":""},"class_list":["post-342","page","type-page","status-publish","hentry","post-preview"],"_links":{"self":[{"href":"https:\/\/projektbzura.pl\/index.php\/wp-json\/wp\/v2\/pages\/342","targetHints":{"allow":["GET"]}}],"collection":[{"href":"https:\/\/projektbzura.pl\/index.php\/wp-json\/wp\/v2\/pages"}],"about":[{"href":"https:\/\/projektbzura.pl\/index.php\/wp-json\/wp\/v2\/types\/page"}],"author":[{"embeddable":true,"href":"https:\/\/projektbzura.pl\/index.php\/wp-json\/wp\/v2\/users\/1"}],"replies":[{"embeddable":true,"href":"https:\/\/projektbzura.pl\/index.php\/wp-json\/wp\/v2\/comments?post=342"}],"version-history":[{"count":13,"href":"https:\/\/projektbzura.pl\/index.php\/wp-json\/wp\/v2\/pages\/342\/revisions"}],"predecessor-version":[{"id":493,"href":"https:\/\/projektbzura.pl\/index.php\/wp-json\/wp\/v2\/pages\/342\/revisions\/493"}],"wp:attachment":[{"href":"https:\/\/projektbzura.pl\/index.php\/wp-json\/wp\/v2\/media?parent=342"}],"curies":[{"name":"wp","href":"https:\/\/api.w.org\/{rel}","templated":true}]}}