{"id":32,"date":"2022-02-20T13:09:07","date_gmt":"2022-02-20T12:09:07","guid":{"rendered":"https:\/\/eliza-bzura.pl\/?page_id=32"},"modified":"2025-10-20T18:47:09","modified_gmt":"2025-10-20T16:47:09","slug":"leczyckie","status":"publish","type":"page","link":"https:\/\/projektbzura.pl\/index.php\/leczyckie\/","title":{"rendered":"\u0141\u0119czyckie"},"content":{"rendered":"\t\t<div data-elementor-type=\"wp-page\" data-elementor-id=\"32\" class=\"elementor elementor-32\">\n\t\t\t\t<div class=\"elementor-element elementor-element-ed54ae0 e-flex e-con-boxed e-con e-parent\" data-id=\"ed54ae0\" data-element_type=\"container\">\n\t\t\t\t\t<div class=\"e-con-inner\">\n\t\t\t\t<div class=\"elementor-element elementor-element-19893dc9 elementor-widget elementor-widget-text-editor\" data-id=\"19893dc9\" data-element_type=\"widget\" data-widget_type=\"text-editor.default\">\n\t\t\t\t\t\t\t\t\t\n<figure class=\"wp-block-image is-resized is-style-default\"><img decoding=\"async\" class=\"wp-image-59\" src=\"http:\/\/projektbzura.pl\/wp-content\/uploads\/2022\/02\/800px-POL_wojewodztwo_leczyckie_IRP_COA.svg_.png\" alt=\"\" width=\"92\" height=\"111\" srcset=\"https:\/\/projektbzura.pl\/wp-content\/uploads\/2022\/02\/800px-POL_wojewodztwo_leczyckie_IRP_COA.svg_.png 800w, https:\/\/projektbzura.pl\/wp-content\/uploads\/2022\/02\/800px-POL_wojewodztwo_leczyckie_IRP_COA.svg_-246x300.png 246w, https:\/\/projektbzura.pl\/wp-content\/uploads\/2022\/02\/800px-POL_wojewodztwo_leczyckie_IRP_COA.svg_-768x938.png 768w, https:\/\/projektbzura.pl\/wp-content\/uploads\/2022\/02\/800px-POL_wojewodztwo_leczyckie_IRP_COA.svg_-676x826.png 676w\" sizes=\"(max-width: 92px) 100vw, 92px\" \/><\/figure>\n\n<p><span style=\"font-family: brygada1918-regular; font-size: 16px;\">Mapy<\/span><\/p>\n<p><span style=\"font-family: brygada1918-regular; font-size: 16px;\"><\/span><\/p>\n<p><span style=\"font-family: brygada1918-regular; font-size: 16px;\"><a href=\"https:\/\/rcin.org.pl\/dlibra\/publication\/6813\/edition\/5027\/content\" target=\"_blank\" rel=\"noreferrer noopener\">Atlas Historyczny Polski, Wojew\u00f3dztwo sieradzkie i wojew\u00f3dztwo \u0142\u0119czyckie w drugiej po\u0142owie XVI wieku; Cz. 1, Mapy, plany, Warszawa 1998<\/a><\/span><\/p>\n<p><span style=\"font-family: brygada1918-regular; font-size: 16px;\"><\/span><\/p>\n<p><span style=\"font-family: brygada1918-regular; font-size: 16px;\"><a href=\"https:\/\/rcin.org.pl\/dlibra\/publication\/6817\/edition\/5028\/content\">Atlas Historyczny Polski, Wojew\u00f3dztwo sieradzkie i wojew\u00f3dztwo \u0142\u0119czyckie w drugiej po\u0142owie XVI wieku; Cz. 2, Komentarz, indeksy, Warszawa 1998<\/a><\/span><\/p>\n\t\t\t\t\t\t\t\t<\/div>\n\t\t\t\t\t<\/div>\n\t\t\t\t<\/div>\n\t\t\t\t<\/div>\n\t\t","protected":false},"excerpt":{"rendered":"<p>Mapy Atlas Historyczny Polski, Wojew\u00f3dztwo sieradzkie i wojew\u00f3dztwo \u0142\u0119czyckie w drugiej po\u0142owie XVI wieku; Cz. 1, Mapy, plany, Warszawa 1998 Atlas Historyczny Polski, Wojew\u00f3dztwo sieradzkie i wojew\u00f3dztwo \u0142\u0119czyckie w drugiej po\u0142owie XVI wieku; Cz. 2, Komentarz, indeksy, Warszawa 1998<\/p>\n","protected":false},"author":1,"featured_media":0,"parent":0,"menu_order":0,"comment_status":"closed","ping_status":"closed","template":"","meta":{"footnotes":""},"class_list":["post-32","page","type-page","status-publish","hentry","post-preview"],"_links":{"self":[{"href":"https:\/\/projektbzura.pl\/index.php\/wp-json\/wp\/v2\/pages\/32","targetHints":{"allow":["GET"]}}],"collection":[{"href":"https:\/\/projektbzura.pl\/index.php\/wp-json\/wp\/v2\/pages"}],"about":[{"href":"https:\/\/projektbzura.pl\/index.php\/wp-json\/wp\/v2\/types\/page"}],"author":[{"embeddable":true,"href":"https:\/\/projektbzura.pl\/index.php\/wp-json\/wp\/v2\/users\/1"}],"replies":[{"embeddable":true,"href":"https:\/\/projektbzura.pl\/index.php\/wp-json\/wp\/v2\/comments?post=32"}],"version-history":[{"count":12,"href":"https:\/\/projektbzura.pl\/index.php\/wp-json\/wp\/v2\/pages\/32\/revisions"}],"predecessor-version":[{"id":656,"href":"https:\/\/projektbzura.pl\/index.php\/wp-json\/wp\/v2\/pages\/32\/revisions\/656"}],"wp:attachment":[{"href":"https:\/\/projektbzura.pl\/index.php\/wp-json\/wp\/v2\/media?parent=32"}],"curies":[{"name":"wp","href":"https:\/\/api.w.org\/{rel}","templated":true}]}}