{"id":30,"date":"2022-02-20T13:08:35","date_gmt":"2022-02-20T12:08:35","guid":{"rendered":"https:\/\/eliza-bzura.pl\/?page_id=30"},"modified":"2025-10-20T18:45:00","modified_gmt":"2025-10-20T16:45:00","slug":"biblioteka","status":"publish","type":"page","link":"https:\/\/projektbzura.pl\/index.php\/biblioteka\/","title":{"rendered":"Biblioteka"},"content":{"rendered":"\t\t<div data-elementor-type=\"wp-page\" data-elementor-id=\"30\" class=\"elementor elementor-30\">\n\t\t\t\t<div class=\"elementor-element elementor-element-721fdf79 e-flex e-con-boxed e-con e-parent\" data-id=\"721fdf79\" data-element_type=\"container\">\n\t\t\t\t\t<div class=\"e-con-inner\">\n\t\t\t\t<div class=\"elementor-element elementor-element-383a4454 elementor-widget elementor-widget-text-editor\" data-id=\"383a4454\" data-element_type=\"widget\" data-widget_type=\"text-editor.default\">\n\t\t\t\t\t\t\t\t\t\n<p><span style=\"font-family: brygada1918-regular; font-size: 16px;\">Tu mo\u017cna znale\u017a\u0107 \u017ar\u00f3d\u0142a przydatne do bada\u0144 genealogicznych z obszaru dawnych wojew\u00f3dztw <a href=\"http:\/\/projektbzura.pl\/index.php\/leczyckie\/\">\u0142\u0119czyckiego<\/a> i <a href=\"http:\/\/projektbzura.pl\/index.php\/rawskie\/\">rawskiego<\/a>.<\/span><\/p>\n\t\t\t\t\t\t\t\t<\/div>\n\t\t\t\t\t<\/div>\n\t\t\t\t<\/div>\n\t\t\t\t<\/div>\n\t\t","protected":false},"excerpt":{"rendered":"<p>Tu mo\u017cna znale\u017a\u0107 \u017ar\u00f3d\u0142a przydatne do bada\u0144 genealogicznych z obszaru dawnych wojew\u00f3dztw \u0142\u0119czyckiego i rawskiego.<\/p>\n","protected":false},"author":1,"featured_media":0,"parent":0,"menu_order":0,"comment_status":"closed","ping_status":"closed","template":"","meta":{"footnotes":""},"class_list":["post-30","page","type-page","status-publish","hentry","post-preview"],"_links":{"self":[{"href":"https:\/\/projektbzura.pl\/index.php\/wp-json\/wp\/v2\/pages\/30","targetHints":{"allow":["GET"]}}],"collection":[{"href":"https:\/\/projektbzura.pl\/index.php\/wp-json\/wp\/v2\/pages"}],"about":[{"href":"https:\/\/projektbzura.pl\/index.php\/wp-json\/wp\/v2\/types\/page"}],"author":[{"embeddable":true,"href":"https:\/\/projektbzura.pl\/index.php\/wp-json\/wp\/v2\/users\/1"}],"replies":[{"embeddable":true,"href":"https:\/\/projektbzura.pl\/index.php\/wp-json\/wp\/v2\/comments?post=30"}],"version-history":[{"count":6,"href":"https:\/\/projektbzura.pl\/index.php\/wp-json\/wp\/v2\/pages\/30\/revisions"}],"predecessor-version":[{"id":650,"href":"https:\/\/projektbzura.pl\/index.php\/wp-json\/wp\/v2\/pages\/30\/revisions\/650"}],"wp:attachment":[{"href":"https:\/\/projektbzura.pl\/index.php\/wp-json\/wp\/v2\/media?parent=30"}],"curies":[{"name":"wp","href":"https:\/\/api.w.org\/{rel}","templated":true}]}}