{"id":183,"date":"2022-04-15T21:08:10","date_gmt":"2022-04-15T19:08:10","guid":{"rendered":"http:\/\/eliza-bzura.pl\/?page_id=183"},"modified":"2025-10-27T21:34:02","modified_gmt":"2025-10-27T20:34:02","slug":"rawskie-parafie","status":"publish","type":"page","link":"https:\/\/projektbzura.pl\/index.php\/rawskie-parafie\/","title":{"rendered":"Rawskie parafie"},"content":{"rendered":"\t\t<div data-elementor-type=\"wp-page\" data-elementor-id=\"183\" class=\"elementor elementor-183\">\n\t\t\t\t<div class=\"elementor-element elementor-element-294836f4 e-flex e-con-boxed e-con e-parent\" data-id=\"294836f4\" data-element_type=\"container\">\n\t\t\t\t\t<div class=\"e-con-inner\">\n\t\t\t\t<div class=\"elementor-element elementor-element-67b83137 elementor-widget elementor-widget-text-editor\" data-id=\"67b83137\" data-element_type=\"widget\" data-widget_type=\"text-editor.default\">\n\t\t\t\t\t\t\t\t\t\n<p><span style=\"font-family: brygada1918-regular; font-size: 20px;\"><strong>Ziemia gostyni\u0144ska<\/strong><\/span><\/p>\n<p><span style=\"font-family: brygada1918-regular;\"><\/span><\/p>\n<p><span style=\"font-family: brygada1918-regular; font-size: 18px;\">Powiat g\u0105bi\u0144ski<\/span><\/p>\n<p><span style=\"font-family: brygada1918-regular;\"><div class=\"wp-block-image\"><\/span><\/p>\n<figure class=\"alignleft size-full is-resized\"><span style=\"font-family: brygada1918-regular;\"><img fetchpriority=\"high\" decoding=\"async\" width=\"800\" height=\"947\" class=\"wp-image-199\" style=\"width: 120px; height: 142px;\" src=\"http:\/\/projektbzura.pl\/wp-content\/uploads\/2022\/04\/800px-POL_Gabin_COA.svg_.png\" alt=\"\" srcset=\"https:\/\/projektbzura.pl\/wp-content\/uploads\/2022\/04\/800px-POL_Gabin_COA.svg_.png 800w, https:\/\/projektbzura.pl\/wp-content\/uploads\/2022\/04\/800px-POL_Gabin_COA.svg_-253x300.png 253w, https:\/\/projektbzura.pl\/wp-content\/uploads\/2022\/04\/800px-POL_Gabin_COA.svg_-768x909.png 768w, https:\/\/projektbzura.pl\/wp-content\/uploads\/2022\/04\/800px-POL_Gabin_COA.svg_-676x800.png 676w\" sizes=\"(max-width: 800px) 100vw, 800px\" \/><\/span><\/figure>\n<p><span style=\"font-family: brygada1918-regular;\"><\/div><\/span><\/p>\n<blockquote class=\"wp-block-quote is-style-plain is-layout-flow wp-block-quote-is-layout-flow\"><span style=\"font-family: brygada1918-regular;\"><\/span>\n<p><span style=\"font-family: brygada1918-regular; font-size: 16px;\">KATOLICKIE: <a href=\"https:\/\/katalog.projektpodlasie.pl\/parish\/11408\">Brzoz\u00f3w<\/a>, Czermno, G\u0105bin, <a href=\"https:\/\/katalog.projektpodlasie.pl\/parish\/11631\">Gi\u017cyce<\/a>, <a href=\"https:\/\/katalog.projektpodlasie.pl\/parish\/34350\">I\u0142\u00f3w<\/a>, <a href=\"https:\/\/katalog.projektpodlasie.pl\/parish\/11456\">Kiernozia<\/a>, <a href=\"https:\/\/katalog.projektpodlasie.pl\/parish\/11458\">Kocierzew Po\u0142udniowy<\/a>, Kompina, Koz\u0142\u00f3w Szlachecki, Luszyn, <em><a href=\"https:\/\/katalog.projektpodlasie.pl\/parish\/37805\">Mistrzewice<\/a><\/em>, <a href=\"https:\/\/katalog.projektpodlasie.pl\/parish\/11497\">M\u0142odzieszyn<\/a>, Osmolin, Pacyna, <em>Piotrk\u00f3wek<\/em>, <a href=\"https:\/\/katalog.projektpodlasie.pl\/parish\/11944\">Rybno<\/a>, Sanniki, S\u0142ubice (<em>Jamno<\/em>), Z\u0142ak\u00f3w Ko\u015bcielny, Zyck Polski.<\/span><\/p>\n<span style=\"font-family: brygada1918-regular; font-size: 16px;\"><\/span>\n<p><span style=\"font-family: brygada1918-regular; font-size: 16px;\">EWANGELICKIE: <em>G\u0105bin, I\u0142\u00f3w<\/em>.<\/span><\/p>\n<span style=\"font-family: brygada1918-regular; font-size: 16px;\"><\/span>\n<p><span style=\"font-family: brygada1918-regular; font-size: 16px;\">MENNONICKIE: <em>Wymy\u015ble<\/em>.<\/span><\/p>\n<span style=\"font-family: brygada1918-regular; font-size: 16px;\"><\/span>\n<p><span style=\"font-family: brygada1918-regular; font-size: 16px;\">MOJ\u017bESZOWE: <em>G\u0105bin, I\u0142\u00f3w<\/em>.<\/span><\/p>\n<span style=\"font-family: brygada1918-regular;\"><\/span><\/blockquote>\n<p><span style=\"font-family: brygada1918-regular;\"><\/span><\/p>\n<p><span style=\"font-family: brygada1918-regular; font-size: 18px;\">Powiat gostyni\u0144ski<\/span><\/p>\n<p><span style=\"font-family: brygada1918-regular;\"><div class=\"wp-block-image\"><\/span><\/p>\n<figure class=\"alignleft size-large is-resized\"><span style=\"font-family: brygada1918-regular;\"><img decoding=\"async\" width=\"858\" height=\"1024\" class=\"wp-image-222\" style=\"width: 120px; height: 148px;\" src=\"http:\/\/projektbzura.pl\/wp-content\/uploads\/2022\/04\/1200px-POL_Gostynin_COA.svg_-858x1024.png\" alt=\"\" srcset=\"https:\/\/projektbzura.pl\/wp-content\/uploads\/2022\/04\/1200px-POL_Gostynin_COA.svg_-858x1024.png 858w, https:\/\/projektbzura.pl\/wp-content\/uploads\/2022\/04\/1200px-POL_Gostynin_COA.svg_-251x300.png 251w, https:\/\/projektbzura.pl\/wp-content\/uploads\/2022\/04\/1200px-POL_Gostynin_COA.svg_-768x916.png 768w, https:\/\/projektbzura.pl\/wp-content\/uploads\/2022\/04\/1200px-POL_Gostynin_COA.svg_-676x807.png 676w, https:\/\/projektbzura.pl\/wp-content\/uploads\/2022\/04\/1200px-POL_Gostynin_COA.svg_.png 1200w\" sizes=\"(max-width: 858px) 100vw, 858px\" \/><\/span><\/figure>\n<p><span style=\"font-family: brygada1918-regular;\"><\/div><\/span><\/p>\n<blockquote class=\"wp-block-quote is-layout-flow wp-block-quote-is-layout-flow\"><span style=\"font-family: brygada1918-regular;\"><\/span>\n<p>\u00a0<\/p>\n<span style=\"font-family: brygada1918-regular;\"><\/span>\n<p><span style=\"font-family: brygada1918-regular; font-size: 16px;\">KATOLICKIE: G\u0142ogowiec, Gostynin, <a href=\"https:\/\/katalog.projektpodlasie.pl\/parish\/11655\">Imielno<\/a>, Kutno, <a href=\"https:\/\/katalog.projektpodlasie.pl\/parish\/11784\">\u0141ani\u0119ta<\/a>, <a href=\"https:\/\/katalog.projektpodlasie.pl\/parish\/11909\">Mnich<\/a>, P\u0142ock-Ciechomice, P\u0142ock-Radziwie, Soko\u0142\u00f3w, Solec, Strzelce, Suserz, Tr\u0119bki.<\/span><\/p>\n<span style=\"font-family: brygada1918-regular; font-size: 16px;\"><\/span>\n<p><span style=\"font-family: brygada1918-regular; font-size: 16px;\">EWANGELICKIE: <em>Gostynin<\/em>.<\/span><\/p>\n<span style=\"font-family: brygada1918-regular;\"><\/span><\/blockquote>\n<p><span style=\"font-family: brygada1918-regular;\"><\/span><\/p>\n<p><span style=\"font-family: brygada1918-regular; font-size: 18px;\">Parafie spoza ziemi, ale obejmuj\u0105ce jej teren:<\/span><\/p>\n<p><span style=\"font-family: brygada1918-regular;\"><\/span><\/p>\n<blockquote class=\"wp-block-quote is-layout-flow wp-block-quote-is-layout-flow\"><span style=\"font-family: brygada1918-regular;\"><\/span>\n<p><span style=\"font-family: brygada1918-regular; font-size: 16px;\">KATOLICKIE: Bia\u0142otarsk, Dobrzyk\u00f3w, Kamion, Troszyn, <a href=\"https:\/\/katalog.projektpodlasie.pl\/parish\/5063\">Wyszogr\u00f3d<\/a>, Zakrzewo.<\/span><\/p>\n<span style=\"font-family: brygada1918-regular;\"><\/span><\/blockquote>\n<p><span style=\"font-family: brygada1918-regular;\"><\/span><\/p>\n<p><span style=\"font-family: brygada1918-regular; font-size: 20px;\"><strong>Ziemia rawska<\/strong><\/span><\/p>\n<p><span style=\"font-family: brygada1918-regular;\"><\/span><\/p>\n<p><span style=\"font-family: brygada1918-regular; font-size: 18px;\">Powiat bielski<\/span><\/p>\n<p><span style=\"font-family: brygada1918-regular;\"><div class=\"wp-block-image\"><\/span><\/p>\n<figure class=\"alignleft size-full is-resized\"><span style=\"font-family: brygada1918-regular;\"><img decoding=\"async\" width=\"791\" height=\"899\" class=\"wp-image-232\" style=\"width: 120px; height: 137px;\" src=\"http:\/\/projektbzura.pl\/wp-content\/uploads\/2022\/04\/POL_Biala_Rawska_COA.svg_-1.png\" alt=\"\" srcset=\"https:\/\/projektbzura.pl\/wp-content\/uploads\/2022\/04\/POL_Biala_Rawska_COA.svg_-1.png 791w, https:\/\/projektbzura.pl\/wp-content\/uploads\/2022\/04\/POL_Biala_Rawska_COA.svg_-1-264x300.png 264w, https:\/\/projektbzura.pl\/wp-content\/uploads\/2022\/04\/POL_Biala_Rawska_COA.svg_-1-768x873.png 768w, https:\/\/projektbzura.pl\/wp-content\/uploads\/2022\/04\/POL_Biala_Rawska_COA.svg_-1-676x768.png 676w\" sizes=\"(max-width: 791px) 100vw, 791px\" \/><\/span><\/figure>\n<p><span style=\"font-family: brygada1918-regular;\"><\/div><\/span><\/p>\n<blockquote class=\"wp-block-quote is-layout-flow wp-block-quote-is-layout-flow\"><span style=\"font-family: brygada1918-regular;\"><\/span>\n<p><span style=\"font-family: brygada1918-regular; font-size: 16px;\">KATOLICKIE: Babsk, Bia\u0142a Rawska, B\u0142\u0119d\u00f3w, Ciel\u0105dz, Lewin, Lubania, \u0141\u0119gonice, Micha\u0142owice, Mogielnica, Nowe Miasto nad Pilic\u0105, Regn\u00f3w, Sadkowice, Sierzchowy, Wilk\u00f3w, \u017bd\u017cary.<\/span><\/p>\n<span style=\"font-family: brygada1918-regular;\"><\/span><span style=\"font-family: brygada1918-regular;\"><\/span>\n<p>\u00a0<\/p>\n<\/blockquote>\n<p><span style=\"font-family: brygada1918-regular;\"><\/span><\/p>\n<p><span style=\"font-family: brygada1918-regular; font-size: 18px;\">Powiat rawski<\/span><\/p>\n<p><span style=\"font-family: brygada1918-regular;\"><div class=\"wp-block-image\"><\/span><\/p>\n<figure class=\"alignleft size-full is-resized\"><span style=\"font-family: brygada1918-regular;\"><img loading=\"lazy\" decoding=\"async\" width=\"813\" height=\"899\" class=\"wp-image-233\" style=\"width: 120px; height: 129px;\" src=\"http:\/\/projektbzura.pl\/wp-content\/uploads\/2022\/04\/POL_Rawa_Mazowiecka_COA.svg_-1.png\" alt=\"\" srcset=\"https:\/\/projektbzura.pl\/wp-content\/uploads\/2022\/04\/POL_Rawa_Mazowiecka_COA.svg_-1.png 813w, https:\/\/projektbzura.pl\/wp-content\/uploads\/2022\/04\/POL_Rawa_Mazowiecka_COA.svg_-1-271x300.png 271w, https:\/\/projektbzura.pl\/wp-content\/uploads\/2022\/04\/POL_Rawa_Mazowiecka_COA.svg_-1-768x849.png 768w, https:\/\/projektbzura.pl\/wp-content\/uploads\/2022\/04\/POL_Rawa_Mazowiecka_COA.svg_-1-676x748.png 676w\" sizes=\"(max-width: 813px) 100vw, 813px\" \/><\/span><\/figure>\n<p><span style=\"font-family: brygada1918-regular;\"><\/div><\/span><\/p>\n<blockquote class=\"wp-block-quote is-layout-flow wp-block-quote-is-layout-flow\"><span style=\"font-family: brygada1918-regular;\"><\/span>\n<p><span style=\"font-family: brygada1918-regular; font-size: 16px;\">KATOLICKIE: Be\u0142ch\u00f3w, Bia\u0142ynin, Boguszyce, Budziszewice, Czerniewice, Dmosin, G\u0142owno, G\u0142uch\u00f3w, Godzian\u00f3w, Janis\u0142awice, Je\u017c\u00f3w, Ko\u0142acinek, Krzemienica, Kurzeszyn, Lipce Reymontowskie, Mak\u00f3w, Rawa Mazowiecka, Skierniewice, S\u0142upia, Stara Rawa, Wysokienice, \u017belazna, \u017belechcinek.<\/span><\/p>\n<span style=\"font-family: brygada1918-regular;\"><\/span><\/blockquote>\n<p><span style=\"font-family: brygada1918-regular;\"><\/span><\/p>\n<p><span style=\"font-family: brygada1918-regular; font-size: 18px;\">Parafia spoza ziemi, ale obejmuj\u0105ce jej teren:<\/span><\/p>\n<p><span style=\"font-family: brygada1918-regular;\"><\/span><\/p>\n<blockquote class=\"wp-block-quote is-layout-flow wp-block-quote-is-layout-flow\"><span style=\"font-family: brygada1918-regular;\"><\/span>\n<p><span style=\"font-family: brygada1918-regular; font-size: 16px;\">KATOLICKIE: Brzeziny.<\/span><\/p>\n<span style=\"font-family: brygada1918-regular; font-size: 16px;\"><\/span>\n<p><span style=\"font-family: brygada1918-regular; font-size: 16px;\">EWANGELICKIE: Brzeziny.<\/span><\/p>\n<span style=\"font-family: brygada1918-regular;\"><\/span><\/blockquote>\n<p><span style=\"font-family: brygada1918-regular;\"><\/span><\/p>\n<p><span style=\"font-family: brygada1918-regular; font-size: 20px;\"><strong>Ziemia sochaczewska<\/strong><\/span><\/p>\n<p><span style=\"font-family: brygada1918-regular;\"><\/span><\/p>\n<p><span style=\"font-family: brygada1918-regular; font-size: 18px;\">Powiat mszczonowski<\/span><\/p>\n<p><span style=\"font-family: brygada1918-regular;\"><div class=\"wp-block-image\"><\/span><\/p>\n<figure class=\"alignleft size-full is-resized\"><span style=\"font-family: brygada1918-regular;\"><img loading=\"lazy\" decoding=\"async\" width=\"700\" height=\"779\" class=\"wp-image-218\" style=\"width: 120px; height: 136px;\" src=\"http:\/\/projektbzura.pl\/wp-content\/uploads\/2022\/04\/Mszczonow_herb.jpg\" alt=\"\" srcset=\"https:\/\/projektbzura.pl\/wp-content\/uploads\/2022\/04\/Mszczonow_herb.jpg 700w, https:\/\/projektbzura.pl\/wp-content\/uploads\/2022\/04\/Mszczonow_herb-270x300.jpg 270w, https:\/\/projektbzura.pl\/wp-content\/uploads\/2022\/04\/Mszczonow_herb-676x752.jpg 676w\" sizes=\"(max-width: 700px) 100vw, 700px\" \/><\/span><\/figure>\n<blockquote class=\"wp-block-quote\"><span style=\"font-family: brygada1918-regular;\"><\/div><\/span>\n<p><span style=\"font-family: brygada1918-regular; font-size: 16px;\">KATOLICKIE: Chojnata, Grodzisk Mazowiecki, Izdebno Ko\u015bcielne, Jeruzal, Mszczon\u00f3w, Osuch\u00f3w, Puszcza Maria\u0144ska, Radziejowice.<\/span><\/p>\n<p>\u00a0<\/p>\n<span style=\"font-family: brygada1918-regular;\"><\/span><\/blockquote>\n<p><span style=\"font-family: brygada1918-regular;\"><\/span><\/p>\n<p><span style=\"font-family: brygada1918-regular; font-size: 18px;\">Powiat sochaczewski<\/span><\/p>\n<p><span style=\"font-family: brygada1918-regular;\"><div class=\"wp-block-image\"><\/span><\/p>\n<figure class=\"alignleft size-full is-resized\"><span style=\"font-family: brygada1918-regular;\"><img loading=\"lazy\" decoding=\"async\" width=\"800\" height=\"941\" class=\"wp-image-215\" style=\"width: 120px; height: 139px;\" src=\"http:\/\/projektbzura.pl\/wp-content\/uploads\/2022\/04\/POL_Sochaczew_COA.svg_.png\" alt=\"\" srcset=\"https:\/\/projektbzura.pl\/wp-content\/uploads\/2022\/04\/POL_Sochaczew_COA.svg_.png 800w, https:\/\/projektbzura.pl\/wp-content\/uploads\/2022\/04\/POL_Sochaczew_COA.svg_-255x300.png 255w, https:\/\/projektbzura.pl\/wp-content\/uploads\/2022\/04\/POL_Sochaczew_COA.svg_-768x903.png 768w, https:\/\/projektbzura.pl\/wp-content\/uploads\/2022\/04\/POL_Sochaczew_COA.svg_-676x795.png 676w\" sizes=\"(max-width: 800px) 100vw, 800px\" \/><\/span><\/figure>\n<p><span style=\"font-family: brygada1918-regular;\"><\/div><\/span><\/p>\n<blockquote class=\"wp-block-quote is-layout-flow wp-block-quote-is-layout-flow\"><span style=\"font-family: brygada1918-regular;\"><\/span>\n<p><span style=\"font-family: brygada1918-regular; font-size: 16px;\">KATOLICKIE: Bednary, <em>Bia\u0142ynin<\/em>, Bolim\u00f3w, Broch\u00f3w, <a href=\"https:\/\/katalog.projektpodlasie.pl\/parish\/11599\">Chru\u015blin<\/a>, Domaniewice, Kampinos, Kaski, Koz\u0142\u00f3w Biskupi, Kurdwan\u00f3w, Leoncin (<em>G\u0142usk<\/em>), Leszno, \u0141owicz-Kolegiata, \u0141owicz-\u015aw. Duch, Miedniewice, Miko\u0142ajew, Niebor\u00f3w, Paw\u0142owice, Pszczon\u00f3w, Sochaczew-Wawrzyniec, Sochaczew-Trojan\u00f3w, Szyman\u00f3w, Wiskitki, Zawady.<\/span><\/p>\n<span style=\"font-family: brygada1918-regular; font-size: 16px;\"><\/span>\n<p><span style=\"font-family: brygada1918-regular; font-size: 16px;\">EWANGELICKIE: <em>Wiskitki<\/em> (\u017byrard\u00f3w), \u0141owicz.<\/span><\/p>\n<span style=\"font-family: brygada1918-regular;\"><\/span><\/blockquote>\n<p><span style=\"font-family: brygada1918-regular;\"><\/span><\/p>\n<p><span style=\"font-family: brygada1918-regular; font-size: 18px;\">Parafie spoza ziemi, ale obejmuj\u0105ce jej teren:<\/span><\/p>\n<p><span style=\"font-family: brygada1918-regular;\"><\/span><\/p>\n<blockquote class=\"wp-block-quote is-layout-flow wp-block-quote-is-layout-flow\"><span style=\"font-family: brygada1918-regular;\"><\/span>\n<p><span style=\"font-family: brygada1918-regular; font-size: 16px;\">KATOLICKIE: B\u0142onie, Kazu\u0144.<\/span><\/p>\n<span style=\"font-family: brygada1918-regular; font-size: 16px;\"><\/span>\n<p><span style=\"font-family: brygada1918-regular; font-size: 16px;\">MENNONICKIE: Kazu\u0144.<\/span><\/p>\n<span style=\"font-family: brygada1918-regular;\"><\/span><\/blockquote>\n<p><span style=\"font-family: brygada1918-regular;\"><\/span><\/p>\n<p><span style=\"font-family: brygada1918-regular; font-size: 16px;\"><em>Kursyw\u0105 oznaczono parafie, kt\u00f3re obecnie nie istniej\u0105.<\/em><\/span><\/p>\n<p><span style=\"font-family: brygada1918-regular; font-size: 16px;\"><\/span><\/p>\n<p><span style=\"font-family: brygada1918-regular; font-size: 16px;\">Powiaty w granicach przedrozbiorowych. Zestawienie obejmuje parafie powsta\u0142e do 1920.<\/span><\/p>\n<p><span style=\"font-family: brygada1918-regular;\"><\/span><\/p>\n<p class=\"has-small-font-size\"><span style=\"font-family: brygada1918-regular;\">Je\u015bli zauwa\u017c\u0105 Pa\u0144stwo b\u0142\u0119dy lub braki w zestawieniu prosimy o kontakt: redakcja@projektbzura.pl<\/span><\/p>\n\t\t\t\t\t\t\t\t<\/div>\n\t\t\t\t\t<\/div>\n\t\t\t\t<\/div>\n\t\t\t\t<\/div>\n\t\t","protected":false},"excerpt":{"rendered":"<p>Ziemia gostyni\u0144ska Powiat g\u0105bi\u0144ski KATOLICKIE: Brzoz\u00f3w, Czermno, G\u0105bin, Gi\u017cyce, I\u0142\u00f3w, Kiernozia, Kocierzew Po\u0142udniowy, Kompina, Koz\u0142\u00f3w Szlachecki, Luszyn, Mistrzewice, M\u0142odzieszyn, Osmolin, Pacyna, Piotrk\u00f3wek, Rybno, Sanniki, S\u0142ubice (Jamno), Z\u0142ak\u00f3w Ko\u015bcielny, Zyck Polski. EWANGELICKIE: G\u0105bin, I\u0142\u00f3w. MENNONICKIE: Wymy\u015ble. MOJ\u017bESZOWE: G\u0105bin, I\u0142\u00f3w. Powiat gostyni\u0144ski \u00a0 KATOLICKIE: G\u0142ogowiec, Gostynin, Imielno, Kutno, \u0141ani\u0119ta, Mnich, P\u0142ock-Ciechomice, P\u0142ock-Radziwie, Soko\u0142\u00f3w, Solec, Strzelce, Suserz, Tr\u0119bki. [&hellip;]<\/p>\n","protected":false},"author":1,"featured_media":0,"parent":0,"menu_order":0,"comment_status":"closed","ping_status":"closed","template":"","meta":{"footnotes":""},"class_list":["post-183","page","type-page","status-publish","hentry","post-preview"],"_links":{"self":[{"href":"https:\/\/projektbzura.pl\/index.php\/wp-json\/wp\/v2\/pages\/183","targetHints":{"allow":["GET"]}}],"collection":[{"href":"https:\/\/projektbzura.pl\/index.php\/wp-json\/wp\/v2\/pages"}],"about":[{"href":"https:\/\/projektbzura.pl\/index.php\/wp-json\/wp\/v2\/types\/page"}],"author":[{"embeddable":true,"href":"https:\/\/projektbzura.pl\/index.php\/wp-json\/wp\/v2\/users\/1"}],"replies":[{"embeddable":true,"href":"https:\/\/projektbzura.pl\/index.php\/wp-json\/wp\/v2\/comments?post=183"}],"version-history":[{"count":103,"href":"https:\/\/projektbzura.pl\/index.php\/wp-json\/wp\/v2\/pages\/183\/revisions"}],"predecessor-version":[{"id":687,"href":"https:\/\/projektbzura.pl\/index.php\/wp-json\/wp\/v2\/pages\/183\/revisions\/687"}],"wp:attachment":[{"href":"https:\/\/projektbzura.pl\/index.php\/wp-json\/wp\/v2\/media?parent=183"}],"curies":[{"name":"wp","href":"https:\/\/api.w.org\/{rel}","templated":true}]}}