{"id":17,"date":"2022-02-19T14:53:56","date_gmt":"2022-02-19T13:53:56","guid":{"rendered":"http:\/\/eliza-bzura.pl\/?page_id=17"},"modified":"2025-10-27T21:38:34","modified_gmt":"2025-10-27T20:38:34","slug":"projekt","status":"publish","type":"page","link":"https:\/\/projektbzura.pl\/","title":{"rendered":"Projekt Bzura"},"content":{"rendered":"\t\t<div data-elementor-type=\"wp-page\" data-elementor-id=\"17\" class=\"elementor elementor-17\">\n\t\t\t\t<div class=\"elementor-element elementor-element-41667c23 e-flex e-con-boxed e-con e-parent\" data-id=\"41667c23\" data-element_type=\"container\">\n\t\t\t\t\t<div class=\"e-con-inner\">\n\t\t\t\t<div class=\"elementor-element elementor-element-5533ac3c elementor-widget elementor-widget-text-editor\" data-id=\"5533ac3c\" data-element_type=\"widget\" data-widget_type=\"text-editor.default\">\n\t\t\t\t\t\t\t\t\t<p><span style=\"font-family: brygada1918-regular; font-size: 16px;\">Naszym celem jest wspieranie amatorskiej genealogii w Centralnej Polsce, a precyzyjniej na terenie przedrozbiorowych wojew\u00f3dztw \u0142\u0119czyckiego i rawskiego, znajduj\u0105cych si\u0119 w dorzeczu Bzury. St\u0105d te\u017c nazwa naszej inicjatywy: <strong>PROJEKT BZURA<\/strong>. Wi\u0119cej o regionie mo\u017cna przeczyta\u0107 <a href=\"https:\/\/projektbzura.pl\/index.php\/projekt\/o-regionie\/\">tutaj<\/a>.<\/span><\/p>\n<p><span style=\"font-size: 16px;\"><span style=\"font-family: brygada1918-regular;\">W naszych z<\/span><a href=\"https:\/\/metryki.projektbzura.pl\/\" target=\"_blank\" rel=\"noopener\"><img fetchpriority=\"high\" decoding=\"async\" class=\"alignleft wp-image-407 size-medium\" style=\"font-family: brygada1918-regular;\" src=\"https:\/\/projektbzura.pl\/wp-content\/uploads\/2025\/06\/bzura-300x300.jpg\" alt=\"\" width=\"300\" height=\"300\" srcset=\"https:\/\/projektbzura.pl\/wp-content\/uploads\/2025\/06\/bzura-300x300.jpg 300w, https:\/\/projektbzura.pl\/wp-content\/uploads\/2025\/06\/bzura-1024x1024.jpg 1024w, https:\/\/projektbzura.pl\/wp-content\/uploads\/2025\/06\/bzura-150x150.jpg 150w, https:\/\/projektbzura.pl\/wp-content\/uploads\/2025\/06\/bzura-768x768.jpg 768w, https:\/\/projektbzura.pl\/wp-content\/uploads\/2025\/06\/bzura-676x676.jpg 676w, https:\/\/projektbzura.pl\/wp-content\/uploads\/2025\/06\/bzura.jpg 1188w\" sizes=\"(max-width: 300px) 100vw, 300px\" \/><\/a><span style=\"font-family: brygada1918-regular;\">asobach znajdziecie\u00a0 bezp\u0142atn\u0105 <\/span><a style=\"font-family: brygada1918-regular;\" href=\"https:\/\/metryki.projektbzura.pl\/\" target=\"_blank\" rel=\"noopener\">wyszukiwark\u0119 indeks\u00f3w<\/a><span style=\"font-family: brygada1918-regular;\"> autorstwa Miros\u0142awa Bronakowskiego. Narz\u0119dzie zawiera, nieustannie uzupe\u0142niane, indeksy z parafii z dawnych wojew\u00f3dztw <\/span><a style=\"font-family: brygada1918-regular;\" href=\"http:\/\/projektbzura.pl\/index.php\/leczyckie-parafie\/\">\u0142\u0119czyckiego<\/a><span style=\"font-family: brygada1918-regular;\"> i <\/span><a style=\"font-family: brygada1918-regular;\" href=\"http:\/\/projektbzura.pl\/index.php\/rawskie-parafie\/\">rawskiego<\/a><span style=\"font-family: brygada1918-regular;\">.<\/span><\/span><\/p>\n<p><span style=\"font-family: brygada1918-regular; font-size: 16px;\"><!-- \/wp:paragraph --><!-- wp:image {\"lightbox\":{\"enabled\":false},\"id\":247,\"width\":\"95px\",\"height\":\"95px\",\"sizeSlug\":\"full\",\"linkDestination\":\"custom\",\"align\":\"left\"} --><\/span><\/p>\n<p><span style=\"font-family: brygada1918-regular; font-size: 16px;\"><!-- \/wp:image --><!-- wp:paragraph --><\/span><\/p>\n<p><span style=\"font-family: brygada1918-regular; font-size: 16px;\"><!-- \/wp:paragraph --><!-- wp:paragraph --><\/span><\/p>\n<p><span style=\"font-family: brygada1918-regular; font-size: 16px;\">Polecamy r\u00f3wnie\u017c <a href=\"https:\/\/katalog.projektpodlasie.pl\/\" target=\"_blank\" rel=\"noopener\">Katalog Zasob\u00f3w Metrykalnych<\/a> realizowany przez zaprzyja\u017anion\u0105 <a href=\"https:\/\/kapica.org.pl\/\">Fundacj\u0119 im. Ignacego Kapicy<\/a>. Jest tam du\u017co danych z naszego obszaru zainteresowania.<\/span><\/p>\n<p><span style=\"font-family: brygada1918-regular; font-size: 16px;\"><!-- \/wp:paragraph --><!-- wp:paragraph --><\/span><\/p>\n<p><span style=\"font-family: brygada1918-regular; font-size: 16px;\">Sukcesywnie b\u0119dziemy dodawa\u0107 i rozbudowywa\u0107 kolejne elementy tj. regionaln\u0105 <a href=\"http:\/\/projektbzura.pl\/index.php\/biblioteka\/\">bibliotek\u0119<\/a> z przydatn\u0105 literatur\u0105 dla genealoga czy inne elementy o charakterze regionalistycznym.<\/span><\/p>\n<p><span style=\"font-family: brygada1918-regular; font-size: 16px;\"><!-- \/wp:paragraph --><!-- wp:paragraph --><\/span><\/p>\n<p><span style=\"font-family: brygada1918-regular; font-size: 16px;\">Wsp\u00f3\u0142pracujemy z Archiwum Diecezjalnym w \u0141owiczu, Fundacj\u0105 im. Ignacego Kapicy oraz rzesz\u0105 Wolontariuszy, kt\u00f3rzy pomagaj\u0105 nam w inwentaryzacji, digitalizacji oraz indeksacji dost\u0119pnych zasob\u00f3w metrykalnych z naszego terenu. Osoby pragn\u0105ce pom\u00f3c w naszej pracy prosimy o <a href=\"http:\/\/projektbzura.pl\/index.php\/kontakt\/\">kontakt<\/a>.<\/span><\/p>\n<p><span style=\"font-family: brygada1918-regular; font-size: 16px;\"><!-- \/wp:paragraph --><!-- wp:paragraph --><\/span><\/p>\n<p><!-- \/wp:paragraph --><\/p>\t\t\t\t\t\t\t\t<\/div>\n\t\t\t\t\t<\/div>\n\t\t\t\t<\/div>\n\t\t\t\t<\/div>\n\t\t","protected":false},"excerpt":{"rendered":"<p>Naszym celem jest wspieranie amatorskiej genealogii w Centralnej Polsce, a precyzyjniej na terenie przedrozbiorowych wojew\u00f3dztw \u0142\u0119czyckiego i rawskiego, znajduj\u0105cych si\u0119 w dorzeczu Bzury. St\u0105d te\u017c nazwa naszej inicjatywy: PROJEKT BZURA. Wi\u0119cej o regionie mo\u017cna przeczyta\u0107 tutaj. W naszych zasobach znajdziecie\u00a0 bezp\u0142atn\u0105 wyszukiwark\u0119 indeks\u00f3w autorstwa Miros\u0142awa Bronakowskiego. Narz\u0119dzie zawiera, nieustannie uzupe\u0142niane, indeksy z parafii z dawnych [&hellip;]<\/p>\n","protected":false},"author":1,"featured_media":0,"parent":0,"menu_order":0,"comment_status":"closed","ping_status":"closed","template":"","meta":{"footnotes":""},"class_list":["post-17","page","type-page","status-publish","hentry","post-preview"],"_links":{"self":[{"href":"https:\/\/projektbzura.pl\/index.php\/wp-json\/wp\/v2\/pages\/17","targetHints":{"allow":["GET"]}}],"collection":[{"href":"https:\/\/projektbzura.pl\/index.php\/wp-json\/wp\/v2\/pages"}],"about":[{"href":"https:\/\/projektbzura.pl\/index.php\/wp-json\/wp\/v2\/types\/page"}],"author":[{"embeddable":true,"href":"https:\/\/projektbzura.pl\/index.php\/wp-json\/wp\/v2\/users\/1"}],"replies":[{"embeddable":true,"href":"https:\/\/projektbzura.pl\/index.php\/wp-json\/wp\/v2\/comments?post=17"}],"version-history":[{"count":168,"href":"https:\/\/projektbzura.pl\/index.php\/wp-json\/wp\/v2\/pages\/17\/revisions"}],"predecessor-version":[{"id":690,"href":"https:\/\/projektbzura.pl\/index.php\/wp-json\/wp\/v2\/pages\/17\/revisions\/690"}],"wp:attachment":[{"href":"https:\/\/projektbzura.pl\/index.php\/wp-json\/wp\/v2\/media?parent=17"}],"curies":[{"name":"wp","href":"https:\/\/api.w.org\/{rel}","templated":true}]}}